{"id":30827,"date":"2025-12-29T11:30:31","date_gmt":"2025-12-29T11:30:31","guid":{"rendered":"https:\/\/damjanic.eu\/product\/malvazija-sincerus\/"},"modified":"2025-12-29T11:30:31","modified_gmt":"2025-12-29T11:30:31","slug":"malvazija-sincerus","status":"publish","type":"product","link":"https:\/\/damjanic.eu\/en\/malvazija-sincerus\/","title":{"rendered":"Malvazija Sincerus"},"content":{"rendered":"<p>Category: white dessert wine<br \/>\nVariety: Istrian Malvasia 100%<br \/>\nRegion: Western Istrian wine region<br \/>\nPosition: Gobovica 40 &#8211; 50 meters above sea level<br \/>\nSkas 30 &#8211; 40 meters above sea level<br \/>\nTraining system: single Guyot<br \/>\nVineyard aspect: northwest and south facing<br \/>\nYield: 1.5 &#8211; 2.0 kg \/ vine<br \/>\nSoil composition: deep red soil, locally skeletal<br \/>\nRow direction: north &#8211; south<br \/>\nHarvest: hand-picked into wooden crates, appassimento<br \/>\nAging: 100% oak barrels of 100 &#8211; 225 liters on fine lees for 12 months<br \/>\nAlcohol content: 13.5 &#8211; 15.5% vol<br \/>\nTotal acidity: 5.00 &#8211; 7.50 g\/l<br \/>\nResidual sugar: 115.0 &#8211; 180.0 g\/l<br \/>\nServing temperature: 8\u00b0C &#8211; 12\u00b0C<br \/>\nAging potential: 10 years and more<br \/>\nFood pairing: with apricot tart tatin with vanilla ice cream, cr\u00e8me br\u00fbl\u00e9e, foie gras, spicy aged cheeses<\/p>\n","protected":false},"excerpt":{"rendered":"<p><b>Crystal clear wine, deep golden yellow in color and notably dense.<br \/>\nRich nose, full of fine aromas of raisins, dried apricots, cinnamon, beeswax, and orange peel.<br \/>\nSweet and soft, yet fresh and flavorful at the same time. Beautifully rounded, complex and very persistent on the palate. On the finish &#8211; apricot compote.  <\/b><\/p>\n","protected":false},"featured_media":29682,"template":"","meta":[],"product_brand":[],"product_cat":[173],"product_tag":[178],"class_list":{"0":"post-30827","1":"product","2":"type-product","3":"status-publish","4":"has-post-thumbnail","6":"product_cat-premium-wines","7":"product_tag-white-dessert-wine","9":"first","10":"instock","11":"shipping-taxable","12":"product-type-simple"},"_links":{"self":[{"href":"https:\/\/damjanic.eu\/en\/wp-json\/wp\/v2\/product\/30827","targetHints":{"allow":["GET"]}}],"collection":[{"href":"https:\/\/damjanic.eu\/en\/wp-json\/wp\/v2\/product"}],"about":[{"href":"https:\/\/damjanic.eu\/en\/wp-json\/wp\/v2\/types\/product"}],"version-history":[{"count":0,"href":"https:\/\/damjanic.eu\/en\/wp-json\/wp\/v2\/product\/30827\/revisions"}],"wp:featuredmedia":[{"embeddable":true,"href":"https:\/\/damjanic.eu\/en\/wp-json\/wp\/v2\/media\/29682"}],"wp:attachment":[{"href":"https:\/\/damjanic.eu\/en\/wp-json\/wp\/v2\/media?parent=30827"}],"wp:term":[{"taxonomy":"product_brand","embeddable":true,"href":"https:\/\/damjanic.eu\/en\/wp-json\/wp\/v2\/product_brand?post=30827"},{"taxonomy":"product_cat","embeddable":true,"href":"https:\/\/damjanic.eu\/en\/wp-json\/wp\/v2\/product_cat?post=30827"},{"taxonomy":"product_tag","embeddable":true,"href":"https:\/\/damjanic.eu\/en\/wp-json\/wp\/v2\/product_tag?post=30827"}],"curies":[{"name":"wp","href":"https:\/\/api.w.org\/{rel}","templated":true}]}}